{"id":4282,"date":"2023-09-23T08:34:56","date_gmt":"2023-09-23T13:34:56","guid":{"rendered":"https:\/\/needseoservices.com\/author\/"},"modified":"2024-10-04T09:08:30","modified_gmt":"2024-10-04T14:08:30","slug":"author","status":"publish","type":"page","link":"https:\/\/needseoservices.com\/es\/author\/","title":{"rendered":"Autores"},"content":{"rendered":"<div class=\"gb-container gb-container-6dd55483\">\n<div class=\"gb-container gb-container-ec824fb3\">\n\n<h2 class=\"gb-headline gb-headline-2265f1f5 gb-headline-text\">Conozca a nuestros expertos y autores<\/h2>\n\n\n\n<p class=\"has-text-align-center\">En Need SEO Services, nos enorgullecemos de nuestro equipo de experimentados especialistas en SEO y autores que son la fuerza impulsora detr\u00e1s de nuestras historias de \u00e9xito. Conozca a las personas que se apasionan por optimizar su presencia digital y descubra su riqueza de conocimientos y experiencia.<\/p>\n\n\n<div class=\"gb-grid-wrapper gb-grid-wrapper-e2812f23\">\n<div class=\"gb-grid-column gb-grid-column-85034b91\"><div class=\"gb-container gb-container-85034b91 box-shadow-soft\">\n<figure class=\"gb-block-image gb-block-image-c1af86c2\"><a href=\"https:\/\/needseoservices.com\/es\/author\/david-hernandez\/\"><img alt='Avatar for David Hernandez' src='https:\/\/secure.gravatar.com\/avatar\/9d5d6ce693f5621aa632bfcc4c7b88bff0ff938b6e2bdb528316936ff8a07613?s=150&#038;d=mm&#038;r=g' srcset='https:\/\/secure.gravatar.com\/avatar\/9d5d6ce693f5621aa632bfcc4c7b88bff0ff938b6e2bdb528316936ff8a07613?s=300&#038;d=mm&#038;r=g 2x' class='avatar avatar-150 photo gb-image-c1af86c2' height='150' width='150' \/><\/a><\/figure>\n\n<h3 class=\"gb-headline gb-headline-8a5bbd4f gb-headline-text\"><a href=\"https:\/\/needseoservices.com\/es\/author\/david-hernandez\/\">David Hernandez<\/a><\/h3>\n\n\n<h4 class=\"gb-headline gb-headline-21a368a1 gb-headline-text\">Co-Fundador<\/h4>\n\n\n\n<p class=\"has-text-align-center\">Libere el potencial de su marca con estrategias SEO de precisi\u00f3n. Sube a lo m\u00e1s alto de los rankings de b\u00fasqueda y capta la atenci\u00f3n de tu p\u00fablico.<\/p>\n\n\n\n<ul class=\"wp-block-social-links is-content-justification-center is-layout-flex wp-container-core-social-links-is-layout-16018d1d wp-block-social-links-is-layout-flex\"><li class=\"wp-social-link wp-social-link-linkedin  wp-block-social-link\"><a rel=\"noopener nofollow\" target=\"_blank\" href=\"#\" class=\"wp-block-social-link-anchor\"><svg width=\"24\" height=\"24\" viewBox=\"0 0 24 24\" version=\"1.1\" xmlns=\"http:\/\/www.w3.org\/2000\/svg\" aria-hidden=\"true\" focusable=\"false\"><path d=\"M19.7,3H4.3C3.582,3,3,3.582,3,4.3v15.4C3,20.418,3.582,21,4.3,21h15.4c0.718,0,1.3-0.582,1.3-1.3V4.3 C21,3.582,20.418,3,19.7,3z M8.339,18.338H5.667v-8.59h2.672V18.338z M7.004,8.574c-0.857,0-1.549-0.694-1.549-1.548 c0-0.855,0.691-1.548,1.549-1.548c0.854,0,1.547,0.694,1.547,1.548C8.551,7.881,7.858,8.574,7.004,8.574z M18.339,18.338h-2.669 v-4.177c0-0.996-0.017-2.278-1.387-2.278c-1.389,0-1.601,1.086-1.601,2.206v4.249h-2.667v-8.59h2.559v1.174h0.037 c0.356-0.675,1.227-1.387,2.526-1.387c2.703,0,3.203,1.779,3.203,4.092V18.338z\"><\/path><\/svg><span class=\"wp-block-social-link-label screen-reader-text\">LinkedIn<\/span><\/a><\/li>\n\n<li class=\"wp-social-link wp-social-link-github  wp-block-social-link\"><a rel=\"noopener nofollow\" target=\"_blank\" href=\"https:\/\/github.com\/javiermoraes97\" class=\"wp-block-social-link-anchor\"><svg width=\"24\" height=\"24\" viewBox=\"0 0 24 24\" version=\"1.1\" xmlns=\"http:\/\/www.w3.org\/2000\/svg\" aria-hidden=\"true\" focusable=\"false\"><path d=\"M12,2C6.477,2,2,6.477,2,12c0,4.419,2.865,8.166,6.839,9.489c0.5,0.09,0.682-0.218,0.682-0.484 c0-0.236-0.009-0.866-0.014-1.699c-2.782,0.602-3.369-1.34-3.369-1.34c-0.455-1.157-1.11-1.465-1.11-1.465 c-0.909-0.62,0.069-0.608,0.069-0.608c1.004,0.071,1.532,1.03,1.532,1.03c0.891,1.529,2.341,1.089,2.91,0.833 c0.091-0.647,0.349-1.086,0.635-1.337c-2.22-0.251-4.555-1.111-4.555-4.943c0-1.091,0.39-1.984,1.03-2.682 C6.546,8.54,6.202,7.524,6.746,6.148c0,0,0.84-0.269,2.75,1.025C10.295,6.95,11.15,6.84,12,6.836 c0.85,0.004,1.705,0.114,2.504,0.336c1.909-1.294,2.748-1.025,2.748-1.025c0.546,1.376,0.202,2.394,0.1,2.646 c0.64,0.699,1.026,1.591,1.026,2.682c0,3.841-2.337,4.687-4.565,4.935c0.359,0.307,0.679,0.917,0.679,1.852 c0,1.335-0.012,2.415-0.012,2.741c0,0.269,0.18,0.579,0.688,0.481C19.138,20.161,22,16.416,22,12C22,6.477,17.523,2,12,2z\"><\/path><\/svg><span class=\"wp-block-social-link-label screen-reader-text\">GitHub<\/span><\/a><\/li>\n\n<li class=\"wp-social-link wp-social-link-behance  wp-block-social-link\"><a rel=\"noopener nofollow\" target=\"_blank\" href=\"https:\/\/www.behance.net\/javiermoraes97\/moodboards\" class=\"wp-block-social-link-anchor\"><svg width=\"24\" height=\"24\" viewBox=\"0 0 24 24\" version=\"1.1\" xmlns=\"http:\/\/www.w3.org\/2000\/svg\" aria-hidden=\"true\" focusable=\"false\"><path d=\"M7.799,5.698c0.589,0,1.12,0.051,1.606,0.156c0.482,0.102,0.894,0.273,1.241,0.507c0.344,0.235,0.612,0.546,0.804,0.938 c0.188,0.387,0.281,0.871,0.281,1.443c0,0.619-0.141,1.137-0.421,1.551c-0.284,0.413-0.7,0.751-1.255,1.014 c0.756,0.218,1.317,0.601,1.689,1.146c0.374,0.549,0.557,1.205,0.557,1.975c0,0.623-0.12,1.161-0.359,1.612 c-0.241,0.457-0.569,0.828-0.973,1.114c-0.408,0.288-0.876,0.5-1.399,0.637C9.052,17.931,8.514,18,7.963,18H2V5.698H7.799 M7.449,10.668c0.481,0,0.878-0.114,1.192-0.345c0.311-0.228,0.463-0.603,0.463-1.119c0-0.286-0.051-0.523-0.152-0.707 C8.848,8.315,8.711,8.171,8.536,8.07C8.362,7.966,8.166,7.894,7.94,7.854c-0.224-0.044-0.457-0.06-0.697-0.06H4.709v2.874H7.449z M7.6,15.905c0.267,0,0.521-0.024,0.759-0.077c0.243-0.053,0.457-0.137,0.637-0.261c0.182-0.12,0.332-0.283,0.441-0.491 C9.547,14.87,9.6,14.602,9.6,14.278c0-0.633-0.18-1.084-0.533-1.357c-0.356-0.27-0.83-0.404-1.413-0.404H4.709v3.388L7.6,15.905z M16.162,15.864c0.367,0.358,0.897,0.538,1.583,0.538c0.493,0,0.92-0.125,1.277-0.374c0.354-0.248,0.571-0.514,0.654-0.79h2.155 c-0.347,1.072-0.872,1.838-1.589,2.299C19.534,18,18.67,18.23,17.662,18.23c-0.701,0-1.332-0.113-1.899-0.337 c-0.567-0.227-1.041-0.544-1.439-0.958c-0.389-0.415-0.689-0.907-0.904-1.484c-0.213-0.574-0.32-1.21-0.32-1.899 c0-0.666,0.11-1.288,0.329-1.863c0.222-0.577,0.529-1.075,0.933-1.492c0.406-0.42,0.885-0.751,1.444-0.994 c0.558-0.241,1.175-0.363,1.857-0.363c0.754,0,1.414,0.145,1.98,0.44c0.563,0.291,1.026,0.686,1.389,1.181 c0.363,0.493,0.622,1.057,0.783,1.69c0.16,0.632,0.217,1.292,0.171,1.983h-6.428C15.557,14.84,15.795,15.506,16.162,15.864 M18.973,11.184c-0.291-0.321-0.783-0.496-1.384-0.496c-0.39,0-0.714,0.066-0.973,0.2c-0.254,0.132-0.461,0.297-0.621,0.491 c-0.157,0.197-0.265,0.405-0.328,0.628c-0.063,0.217-0.101,0.413-0.111,0.587h3.98C19.478,11.969,19.265,11.509,18.973,11.184z M15.057,7.738h4.985V6.524h-4.985L15.057,7.738z\"><\/path><\/svg><span class=\"wp-block-social-link-label screen-reader-text\">Behance<\/span><\/a><\/li><\/ul>\n\n<\/div><\/div>\n\n<div class=\"gb-grid-column gb-grid-column-4ec08c07\"><div class=\"gb-container gb-container-4ec08c07 box-shadow-soft\">\n<figure class=\"gb-block-image gb-block-image-25121ba1\"><a href=\"https:\/\/needseoservices.com\/es\/author\/javier-moraes\/\"><img alt='Avatar for David Hernandez' src='https:\/\/secure.gravatar.com\/avatar\/bef6b7dbbc3fc556144a6b318eaa6d22f54b3a29aa9a04eb4143c1053f06ecdb?s=150&#038;d=mm&#038;r=g' srcset='https:\/\/secure.gravatar.com\/avatar\/bef6b7dbbc3fc556144a6b318eaa6d22f54b3a29aa9a04eb4143c1053f06ecdb?s=300&#038;d=mm&#038;r=g 2x' class='avatar avatar-150 photo gb-image-25121ba1' height='150' width='150' \/><\/a><\/figure>\n\n<h3 class=\"gb-headline gb-headline-78cae0fd gb-headline-text\"><a href=\"https:\/\/needseoservices.com\/es\/author\/javier-moraes\/\">Javier Moraes<\/a><\/h3>\n\n\n<h4 class=\"gb-headline gb-headline-dcdd08cc gb-headline-text\">Co-Fundador<\/h4>\n\n\n\n<p class=\"has-text-align-center\">Libere el potencial de su marca con estrategias SEO de precisi\u00f3n. Sube a lo m\u00e1s alto de los rankings de b\u00fasqueda y capta la atenci\u00f3n de tu p\u00fablico.<\/p>\n\n\n\n<ul class=\"wp-block-social-links is-content-justification-center is-layout-flex wp-container-core-social-links-is-layout-16018d1d wp-block-social-links-is-layout-flex\"><li class=\"wp-social-link wp-social-link-linkedin  wp-block-social-link\"><a rel=\"noopener nofollow\" target=\"_blank\" href=\"https:\/\/www.linkedin.com\/in\/javiermoraes\/\" class=\"wp-block-social-link-anchor\"><svg width=\"24\" height=\"24\" viewBox=\"0 0 24 24\" version=\"1.1\" xmlns=\"http:\/\/www.w3.org\/2000\/svg\" aria-hidden=\"true\" focusable=\"false\"><path d=\"M19.7,3H4.3C3.582,3,3,3.582,3,4.3v15.4C3,20.418,3.582,21,4.3,21h15.4c0.718,0,1.3-0.582,1.3-1.3V4.3 C21,3.582,20.418,3,19.7,3z M8.339,18.338H5.667v-8.59h2.672V18.338z M7.004,8.574c-0.857,0-1.549-0.694-1.549-1.548 c0-0.855,0.691-1.548,1.549-1.548c0.854,0,1.547,0.694,1.547,1.548C8.551,7.881,7.858,8.574,7.004,8.574z M18.339,18.338h-2.669 v-4.177c0-0.996-0.017-2.278-1.387-2.278c-1.389,0-1.601,1.086-1.601,2.206v4.249h-2.667v-8.59h2.559v1.174h0.037 c0.356-0.675,1.227-1.387,2.526-1.387c2.703,0,3.203,1.779,3.203,4.092V18.338z\"><\/path><\/svg><span class=\"wp-block-social-link-label screen-reader-text\">LinkedIn<\/span><\/a><\/li>\n\n<li class=\"wp-social-link wp-social-link-github  wp-block-social-link\"><a rel=\"noopener nofollow\" target=\"_blank\" href=\"https:\/\/github.com\/javiermoraes97\" class=\"wp-block-social-link-anchor\"><svg width=\"24\" height=\"24\" viewBox=\"0 0 24 24\" version=\"1.1\" xmlns=\"http:\/\/www.w3.org\/2000\/svg\" aria-hidden=\"true\" focusable=\"false\"><path d=\"M12,2C6.477,2,2,6.477,2,12c0,4.419,2.865,8.166,6.839,9.489c0.5,0.09,0.682-0.218,0.682-0.484 c0-0.236-0.009-0.866-0.014-1.699c-2.782,0.602-3.369-1.34-3.369-1.34c-0.455-1.157-1.11-1.465-1.11-1.465 c-0.909-0.62,0.069-0.608,0.069-0.608c1.004,0.071,1.532,1.03,1.532,1.03c0.891,1.529,2.341,1.089,2.91,0.833 c0.091-0.647,0.349-1.086,0.635-1.337c-2.22-0.251-4.555-1.111-4.555-4.943c0-1.091,0.39-1.984,1.03-2.682 C6.546,8.54,6.202,7.524,6.746,6.148c0,0,0.84-0.269,2.75,1.025C10.295,6.95,11.15,6.84,12,6.836 c0.85,0.004,1.705,0.114,2.504,0.336c1.909-1.294,2.748-1.025,2.748-1.025c0.546,1.376,0.202,2.394,0.1,2.646 c0.64,0.699,1.026,1.591,1.026,2.682c0,3.841-2.337,4.687-4.565,4.935c0.359,0.307,0.679,0.917,0.679,1.852 c0,1.335-0.012,2.415-0.012,2.741c0,0.269,0.18,0.579,0.688,0.481C19.138,20.161,22,16.416,22,12C22,6.477,17.523,2,12,2z\"><\/path><\/svg><span class=\"wp-block-social-link-label screen-reader-text\">GitHub<\/span><\/a><\/li>\n\n<li class=\"wp-social-link wp-social-link-behance  wp-block-social-link\"><a rel=\"noopener nofollow\" target=\"_blank\" href=\"https:\/\/www.behance.net\/javiermoraes97\/moodboards\" class=\"wp-block-social-link-anchor\"><svg width=\"24\" height=\"24\" viewBox=\"0 0 24 24\" version=\"1.1\" xmlns=\"http:\/\/www.w3.org\/2000\/svg\" aria-hidden=\"true\" focusable=\"false\"><path d=\"M7.799,5.698c0.589,0,1.12,0.051,1.606,0.156c0.482,0.102,0.894,0.273,1.241,0.507c0.344,0.235,0.612,0.546,0.804,0.938 c0.188,0.387,0.281,0.871,0.281,1.443c0,0.619-0.141,1.137-0.421,1.551c-0.284,0.413-0.7,0.751-1.255,1.014 c0.756,0.218,1.317,0.601,1.689,1.146c0.374,0.549,0.557,1.205,0.557,1.975c0,0.623-0.12,1.161-0.359,1.612 c-0.241,0.457-0.569,0.828-0.973,1.114c-0.408,0.288-0.876,0.5-1.399,0.637C9.052,17.931,8.514,18,7.963,18H2V5.698H7.799 M7.449,10.668c0.481,0,0.878-0.114,1.192-0.345c0.311-0.228,0.463-0.603,0.463-1.119c0-0.286-0.051-0.523-0.152-0.707 C8.848,8.315,8.711,8.171,8.536,8.07C8.362,7.966,8.166,7.894,7.94,7.854c-0.224-0.044-0.457-0.06-0.697-0.06H4.709v2.874H7.449z M7.6,15.905c0.267,0,0.521-0.024,0.759-0.077c0.243-0.053,0.457-0.137,0.637-0.261c0.182-0.12,0.332-0.283,0.441-0.491 C9.547,14.87,9.6,14.602,9.6,14.278c0-0.633-0.18-1.084-0.533-1.357c-0.356-0.27-0.83-0.404-1.413-0.404H4.709v3.388L7.6,15.905z M16.162,15.864c0.367,0.358,0.897,0.538,1.583,0.538c0.493,0,0.92-0.125,1.277-0.374c0.354-0.248,0.571-0.514,0.654-0.79h2.155 c-0.347,1.072-0.872,1.838-1.589,2.299C19.534,18,18.67,18.23,17.662,18.23c-0.701,0-1.332-0.113-1.899-0.337 c-0.567-0.227-1.041-0.544-1.439-0.958c-0.389-0.415-0.689-0.907-0.904-1.484c-0.213-0.574-0.32-1.21-0.32-1.899 c0-0.666,0.11-1.288,0.329-1.863c0.222-0.577,0.529-1.075,0.933-1.492c0.406-0.42,0.885-0.751,1.444-0.994 c0.558-0.241,1.175-0.363,1.857-0.363c0.754,0,1.414,0.145,1.98,0.44c0.563,0.291,1.026,0.686,1.389,1.181 c0.363,0.493,0.622,1.057,0.783,1.69c0.16,0.632,0.217,1.292,0.171,1.983h-6.428C15.557,14.84,15.795,15.506,16.162,15.864 M18.973,11.184c-0.291-0.321-0.783-0.496-1.384-0.496c-0.39,0-0.714,0.066-0.973,0.2c-0.254,0.132-0.461,0.297-0.621,0.491 c-0.157,0.197-0.265,0.405-0.328,0.628c-0.063,0.217-0.101,0.413-0.111,0.587h3.98C19.478,11.969,19.265,11.509,18.973,11.184z M15.057,7.738h4.985V6.524h-4.985L15.057,7.738z\"><\/path><\/svg><span class=\"wp-block-social-link-label screen-reader-text\">Behance<\/span><\/a><\/li><\/ul>\n\n<\/div><\/div>\n<\/div>\n<\/div>\n<\/div>","protected":false},"excerpt":{"rendered":"<p>Conozca a nuestros expertos y autores En Need SEO Services, nos enorgullecemos de nuestro equipo de experimentados especialistas en SEO y autores que son la fuerza impulsora detr\u00e1s de nuestras historias de \u00e9xito. Conozca a las personas que se apasionan por optimizar su presencia digital y descubra su riqueza de conocimientos y experiencia.<\/p>\n","protected":false},"author":3,"featured_media":0,"parent":0,"menu_order":0,"comment_status":"closed","ping_status":"closed","template":"","meta":{"_eb_attr":"","footnotes":""},"class_list":["post-4282","page","type-page","status-publish"],"yoast_head":"<!-- This site is optimized with the Yoast SEO plugin v26.8 - https:\/\/yoast.com\/product\/yoast-seo-wordpress\/ -->\n<title>Conozca a nuestros expertos en SEO y autores<\/title>\n<meta name=\"description\" content=\"Conozca a nuestros especialistas y autores SEO en Need SEO Services. Conoce a los profesionales que est\u00e1n detr\u00e1s de nuestros casos de \u00e9xito.\" \/>\n<meta name=\"robots\" content=\"index, follow, max-snippet:-1, max-image-preview:large, max-video-preview:-1\" \/>\n<link rel=\"canonical\" href=\"https:\/\/needseoservices.com\/es\/author\/\" \/>\n<meta property=\"og:locale\" content=\"es_ES\" \/>\n<meta property=\"og:type\" content=\"article\" \/>\n<meta property=\"og:title\" content=\"Conozca a nuestros expertos en SEO y autores\" \/>\n<meta property=\"og:description\" content=\"Conozca a nuestros especialistas y autores SEO en Need SEO Services. Conoce a los profesionales que est\u00e1n detr\u00e1s de nuestros casos de \u00e9xito.\" \/>\n<meta property=\"og:url\" content=\"https:\/\/needseoservices.com\/es\/author\/\" \/>\n<meta property=\"og:site_name\" content=\"Need SEO Services\" \/>\n<meta property=\"article:modified_time\" content=\"2024-10-04T14:08:30+00:00\" \/>\n<meta name=\"twitter:card\" content=\"summary_large_image\" \/>\n<meta name=\"twitter:label1\" content=\"Tiempo de lectura\" \/>\n\t<meta name=\"twitter:data1\" content=\"1 minuto\" \/>\n<script type=\"application\/ld+json\" class=\"yoast-schema-graph\">{\"@context\":\"https:\/\/schema.org\",\"@graph\":[{\"@type\":\"WebPage\",\"@id\":\"https:\/\/needseoservices.com\/es\/author\/\",\"url\":\"https:\/\/needseoservices.com\/es\/author\/\",\"name\":\"Conozca a nuestros expertos en SEO y autores\",\"isPartOf\":{\"@id\":\"https:\/\/needseoservices.com\/es\/#website\"},\"datePublished\":\"2023-09-23T13:34:56+00:00\",\"dateModified\":\"2024-10-04T14:08:30+00:00\",\"description\":\"Conozca a nuestros especialistas y autores SEO en Need SEO Services. Conoce a los profesionales que est\u00e1n detr\u00e1s de nuestros casos de \u00e9xito.\",\"breadcrumb\":{\"@id\":\"https:\/\/needseoservices.com\/es\/author\/#breadcrumb\"},\"inLanguage\":\"es\",\"potentialAction\":[{\"@type\":\"ReadAction\",\"target\":[\"https:\/\/needseoservices.com\/es\/author\/\"]}]},{\"@type\":\"BreadcrumbList\",\"@id\":\"https:\/\/needseoservices.com\/es\/author\/#breadcrumb\",\"itemListElement\":[{\"@type\":\"ListItem\",\"position\":1,\"name\":\"Home\",\"item\":\"https:\/\/needseoservices.com\/es\/\"},{\"@type\":\"ListItem\",\"position\":2,\"name\":\"Autores\"}]},{\"@type\":\"WebSite\",\"@id\":\"https:\/\/needseoservices.com\/es\/#website\",\"url\":\"https:\/\/needseoservices.com\/es\/\",\"name\":\"Need SEO Services\",\"description\":\"\",\"publisher\":{\"@id\":\"https:\/\/needseoservices.com\/es\/#organization\"},\"potentialAction\":[{\"@type\":\"SearchAction\",\"target\":{\"@type\":\"EntryPoint\",\"urlTemplate\":\"https:\/\/needseoservices.com\/es\/?s={search_term_string}\"},\"query-input\":{\"@type\":\"PropertyValueSpecification\",\"valueRequired\":true,\"valueName\":\"search_term_string\"}}],\"inLanguage\":\"es\"},{\"@type\":\"Organization\",\"@id\":\"https:\/\/needseoservices.com\/es\/#organization\",\"name\":\"Need SEO Services\",\"url\":\"https:\/\/needseoservices.com\/es\/\",\"logo\":{\"@type\":\"ImageObject\",\"inLanguage\":\"es\",\"@id\":\"https:\/\/needseoservices.com\/es\/#\/schema\/logo\/image\/\",\"url\":\"https:\/\/needseoservices.com\/wp-content\/uploads\/Site-Icon.png\",\"contentUrl\":\"https:\/\/needseoservices.com\/wp-content\/uploads\/Site-Icon.png\",\"width\":158,\"height\":157,\"caption\":\"Need SEO Services\"},\"image\":{\"@id\":\"https:\/\/needseoservices.com\/es\/#\/schema\/logo\/image\/\"}}]}<\/script>\n<!-- \/ Yoast SEO plugin. -->","yoast_head_json":{"title":"Conozca a nuestros expertos en SEO y autores","description":"Conozca a nuestros especialistas y autores SEO en Need SEO Services. Conoce a los profesionales que est\u00e1n detr\u00e1s de nuestros casos de \u00e9xito.","robots":{"index":"index","follow":"follow","max-snippet":"max-snippet:-1","max-image-preview":"max-image-preview:large","max-video-preview":"max-video-preview:-1"},"canonical":"https:\/\/needseoservices.com\/es\/author\/","og_locale":"es_ES","og_type":"article","og_title":"Conozca a nuestros expertos en SEO y autores","og_description":"Conozca a nuestros especialistas y autores SEO en Need SEO Services. Conoce a los profesionales que est\u00e1n detr\u00e1s de nuestros casos de \u00e9xito.","og_url":"https:\/\/needseoservices.com\/es\/author\/","og_site_name":"Need SEO Services","article_modified_time":"2024-10-04T14:08:30+00:00","twitter_card":"summary_large_image","twitter_misc":{"Tiempo de lectura":"1 minuto"},"schema":{"@context":"https:\/\/schema.org","@graph":[{"@type":"WebPage","@id":"https:\/\/needseoservices.com\/es\/author\/","url":"https:\/\/needseoservices.com\/es\/author\/","name":"Conozca a nuestros expertos en SEO y autores","isPartOf":{"@id":"https:\/\/needseoservices.com\/es\/#website"},"datePublished":"2023-09-23T13:34:56+00:00","dateModified":"2024-10-04T14:08:30+00:00","description":"Conozca a nuestros especialistas y autores SEO en Need SEO Services. Conoce a los profesionales que est\u00e1n detr\u00e1s de nuestros casos de \u00e9xito.","breadcrumb":{"@id":"https:\/\/needseoservices.com\/es\/author\/#breadcrumb"},"inLanguage":"es","potentialAction":[{"@type":"ReadAction","target":["https:\/\/needseoservices.com\/es\/author\/"]}]},{"@type":"BreadcrumbList","@id":"https:\/\/needseoservices.com\/es\/author\/#breadcrumb","itemListElement":[{"@type":"ListItem","position":1,"name":"Home","item":"https:\/\/needseoservices.com\/es\/"},{"@type":"ListItem","position":2,"name":"Autores"}]},{"@type":"WebSite","@id":"https:\/\/needseoservices.com\/es\/#website","url":"https:\/\/needseoservices.com\/es\/","name":"Need SEO Services","description":"","publisher":{"@id":"https:\/\/needseoservices.com\/es\/#organization"},"potentialAction":[{"@type":"SearchAction","target":{"@type":"EntryPoint","urlTemplate":"https:\/\/needseoservices.com\/es\/?s={search_term_string}"},"query-input":{"@type":"PropertyValueSpecification","valueRequired":true,"valueName":"search_term_string"}}],"inLanguage":"es"},{"@type":"Organization","@id":"https:\/\/needseoservices.com\/es\/#organization","name":"Need SEO Services","url":"https:\/\/needseoservices.com\/es\/","logo":{"@type":"ImageObject","inLanguage":"es","@id":"https:\/\/needseoservices.com\/es\/#\/schema\/logo\/image\/","url":"https:\/\/needseoservices.com\/wp-content\/uploads\/Site-Icon.png","contentUrl":"https:\/\/needseoservices.com\/wp-content\/uploads\/Site-Icon.png","width":158,"height":157,"caption":"Need SEO Services"},"image":{"@id":"https:\/\/needseoservices.com\/es\/#\/schema\/logo\/image\/"}}]}},"_links":{"self":[{"href":"https:\/\/needseoservices.com\/es\/wp-json\/wp\/v2\/pages\/4282","targetHints":{"allow":["GET"]}}],"collection":[{"href":"https:\/\/needseoservices.com\/es\/wp-json\/wp\/v2\/pages"}],"about":[{"href":"https:\/\/needseoservices.com\/es\/wp-json\/wp\/v2\/types\/page"}],"author":[{"embeddable":true,"href":"https:\/\/needseoservices.com\/es\/wp-json\/wp\/v2\/users\/3"}],"replies":[{"embeddable":true,"href":"https:\/\/needseoservices.com\/es\/wp-json\/wp\/v2\/comments?post=4282"}],"version-history":[{"count":5,"href":"https:\/\/needseoservices.com\/es\/wp-json\/wp\/v2\/pages\/4282\/revisions"}],"predecessor-version":[{"id":7550,"href":"https:\/\/needseoservices.com\/es\/wp-json\/wp\/v2\/pages\/4282\/revisions\/7550"}],"wp:attachment":[{"href":"https:\/\/needseoservices.com\/es\/wp-json\/wp\/v2\/media?parent=4282"}],"curies":[{"name":"wp","href":"https:\/\/api.w.org\/{rel}","templated":true}]}}