{"id":4318,"date":"2023-09-23T08:34:56","date_gmt":"2023-09-23T13:34:56","guid":{"rendered":"https:\/\/needseoservices.com\/case-studies\/"},"modified":"2024-06-12T15:02:09","modified_gmt":"2024-06-12T20:02:09","slug":"casos-de-estudio","status":"publish","type":"page","link":"https:\/\/needseoservices.com\/es\/casos-de-estudio\/","title":{"rendered":"Casos de estudio"},"content":{"rendered":"<div class=\"gb-container gb-container-6dd55483\">\n<div class=\"gb-container gb-container-ec824fb3\">\n\n<h2 class=\"gb-headline gb-headline-2265f1f5 gb-headline-text\">Casos pr\u00e1cticos <mark class=\"gb-highlight\">\u00c9xito real<\/mark> con Need SEO Services<\/h2>\n\n\n\n<p>Bienvenido a nuestra secci\u00f3n de Casos de \u00c9xito, donde mostramos con orgullo nuestras historias de \u00e9xito en el mundo real. En Need SEO Services, creemos en la entrega de resultados tangibles para nuestros clientes, y estos estudios de caso son un testimonio de nuestro compromiso.<\/p>\n\n\n\n<div class=\"gb-grid-wrapper gb-grid-wrapper-b4402ac0 gb-query-loop-wrapper\">\n<div class=\"gb-grid-column gb-grid-column-5e9908ec gb-query-loop-item post-7668 case-studies type-case-studies status-publish has-post-thumbnail hentry\"><article class=\"gb-container gb-container-5e9908ec\">\n<figure class=\"gb-block-image gb-block-image-85db400d\"><a href=\"https:\/\/needseoservices.com\/es\/casos-de-estudio\/berlitz-mejora-su-visibilidad-en-linea-en-america-latina-a-traves-de-estrategias-de-backlinking\/\"><img loading=\"lazy\" decoding=\"async\" width=\"1024\" height=\"507\" src=\"https:\/\/needseoservices.com\/wp-content\/uploads\/Berlitz-Thumbnail-Image-1024x507.jpg\" class=\"gb-image-85db400d\" alt=\"Berlitz Thumbnail Image\" srcset=\"https:\/\/needseoservices.com\/wp-content\/uploads\/Berlitz-Thumbnail-Image-1024x507.jpg 1024w, https:\/\/needseoservices.com\/wp-content\/uploads\/Berlitz-Thumbnail-Image-300x148.jpg 300w, https:\/\/needseoservices.com\/wp-content\/uploads\/Berlitz-Thumbnail-Image-768x380.jpg 768w, https:\/\/needseoservices.com\/wp-content\/uploads\/Berlitz-Thumbnail-Image.jpg 1421w\" sizes=\"auto, (max-width: 1024px) 100vw, 1024px\" \/><\/a><\/figure>\n\n<div class=\"gb-container gb-container-323b59d9\">\n<h3 class=\"gb-headline gb-headline-3d6e55bf gb-headline-text\"><a href=\"https:\/\/needseoservices.com\/es\/casos-de-estudio\/berlitz-mejora-su-visibilidad-en-linea-en-america-latina-a-traves-de-estrategias-de-backlinking\/\">Berlitz Mejora su Visibilidad en L\u00ednea en Am\u00e9rica Latina a trav\u00e9s de Estrategias de Backlinking<\/a><\/h3>\n\n<p class=\"gb-headline gb-headline-2b329f35 gb-headline-text\">Case de Estudio: Berlitz Desaf\u00edo: Berlitz, una empresa de renombre mundial en educaci\u00f3n de idiomas, buscaba mejorar su visibilidad &#8230;<\/p>\n\n<a class=\"gb-button gb-button-1f6f0733 gb-button-text\" href=\"https:\/\/needseoservices.com\/es\/casos-de-estudio\/berlitz-mejora-su-visibilidad-en-linea-en-america-latina-a-traves-de-estrategias-de-backlinking\/\">Ver este caso<\/a>\n<\/div>\n<\/article><\/div>\n\n<div class=\"gb-grid-column gb-grid-column-5e9908ec gb-query-loop-item post-7662 case-studies type-case-studies status-publish has-post-thumbnail hentry\"><article class=\"gb-container gb-container-5e9908ec\">\n<figure class=\"gb-block-image gb-block-image-85db400d\"><a href=\"https:\/\/needseoservices.com\/es\/casos-de-estudio\/city-teaching-alliance-amplia-el-reconocimiento-de-marca-con-estrategia-seo-en-nueva-york\/\"><img loading=\"lazy\" decoding=\"async\" width=\"1024\" height=\"576\" src=\"https:\/\/needseoservices.com\/wp-content\/uploads\/Thumbnail-Image-City-Teaching-Alliance-Spanish-1024x576.jpg\" class=\"gb-image-85db400d\" alt=\"Thumbnail Image City Teaching Alliance Spanish\" srcset=\"https:\/\/needseoservices.com\/wp-content\/uploads\/Thumbnail-Image-City-Teaching-Alliance-Spanish-1024x576.jpg 1024w, https:\/\/needseoservices.com\/wp-content\/uploads\/Thumbnail-Image-City-Teaching-Alliance-Spanish-300x169.jpg 300w, https:\/\/needseoservices.com\/wp-content\/uploads\/Thumbnail-Image-City-Teaching-Alliance-Spanish-768x432.jpg 768w, https:\/\/needseoservices.com\/wp-content\/uploads\/Thumbnail-Image-City-Teaching-Alliance-Spanish.jpg 1280w\" sizes=\"auto, (max-width: 1024px) 100vw, 1024px\" \/><\/a><\/figure>\n\n<div class=\"gb-container gb-container-323b59d9\">\n<h3 class=\"gb-headline gb-headline-3d6e55bf gb-headline-text\"><a href=\"https:\/\/needseoservices.com\/es\/casos-de-estudio\/city-teaching-alliance-amplia-el-reconocimiento-de-marca-con-estrategia-seo-en-nueva-york\/\">City Teaching Alliance Ampl\u00eda el Reconocimiento de Marca con Estrategia SEO en Nueva York<\/a><\/h3>\n\n<p class=\"gb-headline gb-headline-2b329f35 gb-headline-text\">Case de Estudio: City Teaching Alliance Desaf\u00edo: City Teaching Alliance, una organizaci\u00f3n l\u00edder dedicada al reclutamiento y formaci\u00f3n de &#8230;<\/p>\n\n<a class=\"gb-button gb-button-1f6f0733 gb-button-text\" href=\"https:\/\/needseoservices.com\/es\/casos-de-estudio\/city-teaching-alliance-amplia-el-reconocimiento-de-marca-con-estrategia-seo-en-nueva-york\/\">Ver este caso<\/a>\n<\/div>\n<\/article><\/div>\n\n<div class=\"gb-grid-column gb-grid-column-5e9908ec gb-query-loop-item post-7653 case-studies type-case-studies status-publish has-post-thumbnail hentry\"><article class=\"gb-container gb-container-5e9908ec\">\n<figure class=\"gb-block-image gb-block-image-85db400d\"><a href=\"https:\/\/needseoservices.com\/es\/casos-de-estudio\/modulex-mejora-su-presencia-en-linea-y-posicionamiento-de-mercado-con-estrategias-de-seo\/\"><img loading=\"lazy\" decoding=\"async\" width=\"1024\" height=\"556\" src=\"https:\/\/needseoservices.com\/wp-content\/uploads\/Modulex-Thumbnail-Image-1024x556.jpg\" class=\"gb-image-85db400d\" alt=\"Modulex Thumbnail Image\" srcset=\"https:\/\/needseoservices.com\/wp-content\/uploads\/Modulex-Thumbnail-Image-1024x556.jpg 1024w, https:\/\/needseoservices.com\/wp-content\/uploads\/Modulex-Thumbnail-Image-300x163.jpg 300w, https:\/\/needseoservices.com\/wp-content\/uploads\/Modulex-Thumbnail-Image-768x417.jpg 768w, https:\/\/needseoservices.com\/wp-content\/uploads\/Modulex-Thumbnail-Image.jpg 1419w\" sizes=\"auto, (max-width: 1024px) 100vw, 1024px\" \/><\/a><\/figure>\n\n<div class=\"gb-container gb-container-323b59d9\">\n<h3 class=\"gb-headline gb-headline-3d6e55bf gb-headline-text\"><a href=\"https:\/\/needseoservices.com\/es\/casos-de-estudio\/modulex-mejora-su-presencia-en-linea-y-posicionamiento-de-mercado-con-estrategias-de-seo\/\">Modulex Mejora su Presencia en L\u00ednea y Posicionamiento de Mercado con Estrategias de SEO<\/a><\/h3>\n\n<p class=\"gb-headline gb-headline-2b329f35 gb-headline-text\">Case de Estudio: Modulex Desaf\u00edo: Modulex, un proveedor l\u00edder global de soluciones de se\u00f1alizaci\u00f3n y orientaci\u00f3n, buscaba fortalecer su &#8230;<\/p>\n\n<a class=\"gb-button gb-button-1f6f0733 gb-button-text\" href=\"https:\/\/needseoservices.com\/es\/casos-de-estudio\/modulex-mejora-su-presencia-en-linea-y-posicionamiento-de-mercado-con-estrategias-de-seo\/\">Ver este caso<\/a>\n<\/div>\n<\/article><\/div>\n\n<div class=\"gb-grid-column gb-grid-column-5e9908ec gb-query-loop-item post-7644 case-studies type-case-studies status-publish has-post-thumbnail hentry\"><article class=\"gb-container gb-container-5e9908ec\">\n<figure class=\"gb-block-image gb-block-image-85db400d\"><a href=\"https:\/\/needseoservices.com\/es\/casos-de-estudio\/mr-handyman-impulsa-un-crecimiento-significativo-con-marketing-de-contenido-estrategico\/\"><img loading=\"lazy\" decoding=\"async\" width=\"1024\" height=\"532\" src=\"https:\/\/needseoservices.com\/wp-content\/uploads\/Mr-Handyman-Thumbnail-Image-1024x532.jpg\" class=\"gb-image-85db400d\" alt=\"Mr Handyman Thumbnail Image\" srcset=\"https:\/\/needseoservices.com\/wp-content\/uploads\/Mr-Handyman-Thumbnail-Image-1024x532.jpg 1024w, https:\/\/needseoservices.com\/wp-content\/uploads\/Mr-Handyman-Thumbnail-Image-300x156.jpg 300w, https:\/\/needseoservices.com\/wp-content\/uploads\/Mr-Handyman-Thumbnail-Image-768x399.jpg 768w, https:\/\/needseoservices.com\/wp-content\/uploads\/Mr-Handyman-Thumbnail-Image.jpg 1417w\" sizes=\"auto, (max-width: 1024px) 100vw, 1024px\" \/><\/a><\/figure>\n\n<div class=\"gb-container gb-container-323b59d9\">\n<h3 class=\"gb-headline gb-headline-3d6e55bf gb-headline-text\"><a href=\"https:\/\/needseoservices.com\/es\/casos-de-estudio\/mr-handyman-impulsa-un-crecimiento-significativo-con-marketing-de-contenido-estrategico\/\">Mr. Handyman Impulsa un Crecimiento Significativo con Marketing de Contenido Estrat\u00e9gico<\/a><\/h3>\n\n<p class=\"gb-headline gb-headline-2b329f35 gb-headline-text\">Case de Estudio: Mr. Handyman Desaf\u00edo: Mr. Handyman, un proveedor l\u00edder de servicios profesionales de manitas en todo Estados &#8230;<\/p>\n\n<a class=\"gb-button gb-button-1f6f0733 gb-button-text\" href=\"https:\/\/needseoservices.com\/es\/casos-de-estudio\/mr-handyman-impulsa-un-crecimiento-significativo-con-marketing-de-contenido-estrategico\/\">Ver este caso<\/a>\n<\/div>\n<\/article><\/div>\n\n<div class=\"gb-grid-column gb-grid-column-5e9908ec gb-query-loop-item post-7636 case-studies type-case-studies status-publish has-post-thumbnail hentry\"><article class=\"gb-container gb-container-5e9908ec\">\n<figure class=\"gb-block-image gb-block-image-85db400d\"><a href=\"https:\/\/needseoservices.com\/es\/casos-de-estudio\/pizza-hut-latinoamerica-mejora-la-experiencia-de-usuario-y-seo-para-un-mejor-rendimiento-en-linea\/\"><img loading=\"lazy\" decoding=\"async\" width=\"1024\" height=\"430\" src=\"https:\/\/needseoservices.com\/wp-content\/uploads\/Pizza-Hut-Thumbnail-Image-1024x430.jpg\" class=\"gb-image-85db400d\" alt=\"Pizza Hut Thumbnail Image\" srcset=\"https:\/\/needseoservices.com\/wp-content\/uploads\/Pizza-Hut-Thumbnail-Image-1024x430.jpg 1024w, https:\/\/needseoservices.com\/wp-content\/uploads\/Pizza-Hut-Thumbnail-Image-300x126.jpg 300w, https:\/\/needseoservices.com\/wp-content\/uploads\/Pizza-Hut-Thumbnail-Image-768x322.jpg 768w, https:\/\/needseoservices.com\/wp-content\/uploads\/Pizza-Hut-Thumbnail-Image.jpg 1420w\" sizes=\"auto, (max-width: 1024px) 100vw, 1024px\" \/><\/a><\/figure>\n\n<div class=\"gb-container gb-container-323b59d9\">\n<h3 class=\"gb-headline gb-headline-3d6e55bf gb-headline-text\"><a href=\"https:\/\/needseoservices.com\/es\/casos-de-estudio\/pizza-hut-latinoamerica-mejora-la-experiencia-de-usuario-y-seo-para-un-mejor-rendimiento-en-linea\/\">Pizza Hut Latinoam\u00e9rica Mejora la Experiencia de Usuario y SEO para un Mejor Rendimiento en L\u00ednea<\/a><\/h3>\n\n<p class=\"gb-headline gb-headline-2b329f35 gb-headline-text\">Case de Estudio: Pizza Hut Latinoam\u00e9rica Desaf\u00edo: En 2022, Pizza Hut Latinoam\u00e9rica buscaba fortalecer su presencia en l\u00ednea y &#8230;<\/p>\n\n<a class=\"gb-button gb-button-1f6f0733 gb-button-text\" href=\"https:\/\/needseoservices.com\/es\/casos-de-estudio\/pizza-hut-latinoamerica-mejora-la-experiencia-de-usuario-y-seo-para-un-mejor-rendimiento-en-linea\/\">Ver este caso<\/a>\n<\/div>\n<\/article><\/div>\n\n<div class=\"gb-grid-column gb-grid-column-5e9908ec gb-query-loop-item post-7625 case-studies type-case-studies status-publish has-post-thumbnail hentry\"><article class=\"gb-container gb-container-5e9908ec\">\n<figure class=\"gb-block-image gb-block-image-85db400d\"><a href=\"https:\/\/needseoservices.com\/es\/casos-de-estudio\/sallet-al-sayad-aumenta-su-visibilidad-en-linea-y-compromiso-del-cliente-con-estrategia-seo\/\"><img loading=\"lazy\" decoding=\"async\" width=\"1024\" height=\"536\" src=\"https:\/\/needseoservices.com\/wp-content\/uploads\/Sallet-Al-Sayad-Thumbnail-Image-1024x536.jpg\" class=\"gb-image-85db400d\" alt=\"Sallet Al Sayad Thumbnail Image\" srcset=\"https:\/\/needseoservices.com\/wp-content\/uploads\/Sallet-Al-Sayad-Thumbnail-Image-1024x536.jpg 1024w, https:\/\/needseoservices.com\/wp-content\/uploads\/Sallet-Al-Sayad-Thumbnail-Image-300x157.jpg 300w, https:\/\/needseoservices.com\/wp-content\/uploads\/Sallet-Al-Sayad-Thumbnail-Image-768x402.jpg 768w, https:\/\/needseoservices.com\/wp-content\/uploads\/Sallet-Al-Sayad-Thumbnail-Image.jpg 1415w\" sizes=\"auto, (max-width: 1024px) 100vw, 1024px\" \/><\/a><\/figure>\n\n<div class=\"gb-container gb-container-323b59d9\">\n<h3 class=\"gb-headline gb-headline-3d6e55bf gb-headline-text\"><a href=\"https:\/\/needseoservices.com\/es\/casos-de-estudio\/sallet-al-sayad-aumenta-su-visibilidad-en-linea-y-compromiso-del-cliente-con-estrategia-seo\/\">Sallet Al Sayad Aumenta su Visibilidad en L\u00ednea y Compromiso del Cliente con Estrategia SEO<\/a><\/h3>\n\n<p class=\"gb-headline gb-headline-2b329f35 gb-headline-text\">Case de Estudio: Sallet Al Sayad Desaf\u00edo: Sallet Al Sayad, un restaurante de mariscos ubicado en la vibrante ciudad &#8230;<\/p>\n\n<a class=\"gb-button gb-button-1f6f0733 gb-button-text\" href=\"https:\/\/needseoservices.com\/es\/casos-de-estudio\/sallet-al-sayad-aumenta-su-visibilidad-en-linea-y-compromiso-del-cliente-con-estrategia-seo\/\">Ver este caso<\/a>\n<\/div>\n<\/article><\/div>\n<\/div>\n\n<\/div>\n<\/div>","protected":false},"excerpt":{"rendered":"<p>Casos pr\u00e1cticos \u00c9xito real con Need SEO Services Bienvenido a nuestra secci\u00f3n de Casos de \u00c9xito, donde mostramos con orgullo nuestras historias de \u00e9xito en el mundo real. En Need SEO Services, creemos en la entrega de resultados tangibles para nuestros clientes, y estos estudios de caso son un testimonio de nuestro compromiso.<\/p>\n","protected":false},"author":3,"featured_media":0,"parent":0,"menu_order":0,"comment_status":"closed","ping_status":"closed","template":"","meta":{"_eb_attr":"","footnotes":""},"class_list":["post-4318","page","type-page","status-publish"],"yoast_head":"<!-- This site is optimized with the Yoast SEO plugin v26.8 - https:\/\/yoast.com\/product\/yoast-seo-wordpress\/ -->\n<title>Casos pr\u00e1cticos - \u00c9xito real con los servicios SEO de Need<\/title>\n<meta name=\"description\" content=\"Explore nuestros casos pr\u00e1cticos para descubrir c\u00f3mo Need SEO Services transform\u00f3 empresas con soluciones SEO y SEM a medida.\" \/>\n<meta name=\"robots\" content=\"index, follow, max-snippet:-1, max-image-preview:large, max-video-preview:-1\" \/>\n<link rel=\"canonical\" href=\"https:\/\/needseoservices.com\/es\/casos-de-estudio\/\" \/>\n<meta property=\"og:locale\" content=\"es_ES\" \/>\n<meta property=\"og:type\" content=\"article\" \/>\n<meta property=\"og:title\" content=\"Casos pr\u00e1cticos - \u00c9xito real con los servicios SEO de Need\" \/>\n<meta property=\"og:description\" content=\"Explore nuestros casos pr\u00e1cticos para descubrir c\u00f3mo Need SEO Services transform\u00f3 empresas con soluciones SEO y SEM a medida.\" \/>\n<meta property=\"og:url\" content=\"https:\/\/needseoservices.com\/es\/casos-de-estudio\/\" \/>\n<meta property=\"og:site_name\" content=\"Need SEO Services\" \/>\n<meta property=\"article:modified_time\" content=\"2024-06-12T20:02:09+00:00\" \/>\n<meta name=\"twitter:card\" content=\"summary_large_image\" \/>\n<meta name=\"twitter:label1\" content=\"Tiempo de lectura\" \/>\n\t<meta name=\"twitter:data1\" content=\"1 minuto\" \/>\n<script type=\"application\/ld+json\" class=\"yoast-schema-graph\">{\"@context\":\"https:\/\/schema.org\",\"@graph\":[{\"@type\":\"WebPage\",\"@id\":\"https:\/\/needseoservices.com\/es\/casos-de-estudio\/\",\"url\":\"https:\/\/needseoservices.com\/es\/casos-de-estudio\/\",\"name\":\"Casos pr\u00e1cticos - \u00c9xito real con los servicios SEO de Need\",\"isPartOf\":{\"@id\":\"https:\/\/needseoservices.com\/es\/#website\"},\"datePublished\":\"2023-09-23T13:34:56+00:00\",\"dateModified\":\"2024-06-12T20:02:09+00:00\",\"description\":\"Explore nuestros casos pr\u00e1cticos para descubrir c\u00f3mo Need SEO Services transform\u00f3 empresas con soluciones SEO y SEM a medida.\",\"breadcrumb\":{\"@id\":\"https:\/\/needseoservices.com\/es\/casos-de-estudio\/#breadcrumb\"},\"inLanguage\":\"es\",\"potentialAction\":[{\"@type\":\"ReadAction\",\"target\":[\"https:\/\/needseoservices.com\/es\/casos-de-estudio\/\"]}]},{\"@type\":\"BreadcrumbList\",\"@id\":\"https:\/\/needseoservices.com\/es\/casos-de-estudio\/#breadcrumb\",\"itemListElement\":[{\"@type\":\"ListItem\",\"position\":1,\"name\":\"Home\",\"item\":\"https:\/\/needseoservices.com\/es\/\"},{\"@type\":\"ListItem\",\"position\":2,\"name\":\"Casos de estudio\"}]},{\"@type\":\"WebSite\",\"@id\":\"https:\/\/needseoservices.com\/es\/#website\",\"url\":\"https:\/\/needseoservices.com\/es\/\",\"name\":\"Need SEO Services\",\"description\":\"\",\"publisher\":{\"@id\":\"https:\/\/needseoservices.com\/es\/#organization\"},\"potentialAction\":[{\"@type\":\"SearchAction\",\"target\":{\"@type\":\"EntryPoint\",\"urlTemplate\":\"https:\/\/needseoservices.com\/es\/?s={search_term_string}\"},\"query-input\":{\"@type\":\"PropertyValueSpecification\",\"valueRequired\":true,\"valueName\":\"search_term_string\"}}],\"inLanguage\":\"es\"},{\"@type\":\"Organization\",\"@id\":\"https:\/\/needseoservices.com\/es\/#organization\",\"name\":\"Need SEO Services\",\"url\":\"https:\/\/needseoservices.com\/es\/\",\"logo\":{\"@type\":\"ImageObject\",\"inLanguage\":\"es\",\"@id\":\"https:\/\/needseoservices.com\/es\/#\/schema\/logo\/image\/\",\"url\":\"https:\/\/needseoservices.com\/wp-content\/uploads\/Site-Icon.png\",\"contentUrl\":\"https:\/\/needseoservices.com\/wp-content\/uploads\/Site-Icon.png\",\"width\":158,\"height\":157,\"caption\":\"Need SEO Services\"},\"image\":{\"@id\":\"https:\/\/needseoservices.com\/es\/#\/schema\/logo\/image\/\"}}]}<\/script>\n<!-- \/ Yoast SEO plugin. -->","yoast_head_json":{"title":"Casos pr\u00e1cticos - \u00c9xito real con los servicios SEO de Need","description":"Explore nuestros casos pr\u00e1cticos para descubrir c\u00f3mo Need SEO Services transform\u00f3 empresas con soluciones SEO y SEM a medida.","robots":{"index":"index","follow":"follow","max-snippet":"max-snippet:-1","max-image-preview":"max-image-preview:large","max-video-preview":"max-video-preview:-1"},"canonical":"https:\/\/needseoservices.com\/es\/casos-de-estudio\/","og_locale":"es_ES","og_type":"article","og_title":"Casos pr\u00e1cticos - \u00c9xito real con los servicios SEO de Need","og_description":"Explore nuestros casos pr\u00e1cticos para descubrir c\u00f3mo Need SEO Services transform\u00f3 empresas con soluciones SEO y SEM a medida.","og_url":"https:\/\/needseoservices.com\/es\/casos-de-estudio\/","og_site_name":"Need SEO Services","article_modified_time":"2024-06-12T20:02:09+00:00","twitter_card":"summary_large_image","twitter_misc":{"Tiempo de lectura":"1 minuto"},"schema":{"@context":"https:\/\/schema.org","@graph":[{"@type":"WebPage","@id":"https:\/\/needseoservices.com\/es\/casos-de-estudio\/","url":"https:\/\/needseoservices.com\/es\/casos-de-estudio\/","name":"Casos pr\u00e1cticos - \u00c9xito real con los servicios SEO de Need","isPartOf":{"@id":"https:\/\/needseoservices.com\/es\/#website"},"datePublished":"2023-09-23T13:34:56+00:00","dateModified":"2024-06-12T20:02:09+00:00","description":"Explore nuestros casos pr\u00e1cticos para descubrir c\u00f3mo Need SEO Services transform\u00f3 empresas con soluciones SEO y SEM a medida.","breadcrumb":{"@id":"https:\/\/needseoservices.com\/es\/casos-de-estudio\/#breadcrumb"},"inLanguage":"es","potentialAction":[{"@type":"ReadAction","target":["https:\/\/needseoservices.com\/es\/casos-de-estudio\/"]}]},{"@type":"BreadcrumbList","@id":"https:\/\/needseoservices.com\/es\/casos-de-estudio\/#breadcrumb","itemListElement":[{"@type":"ListItem","position":1,"name":"Home","item":"https:\/\/needseoservices.com\/es\/"},{"@type":"ListItem","position":2,"name":"Casos de estudio"}]},{"@type":"WebSite","@id":"https:\/\/needseoservices.com\/es\/#website","url":"https:\/\/needseoservices.com\/es\/","name":"Need SEO Services","description":"","publisher":{"@id":"https:\/\/needseoservices.com\/es\/#organization"},"potentialAction":[{"@type":"SearchAction","target":{"@type":"EntryPoint","urlTemplate":"https:\/\/needseoservices.com\/es\/?s={search_term_string}"},"query-input":{"@type":"PropertyValueSpecification","valueRequired":true,"valueName":"search_term_string"}}],"inLanguage":"es"},{"@type":"Organization","@id":"https:\/\/needseoservices.com\/es\/#organization","name":"Need SEO Services","url":"https:\/\/needseoservices.com\/es\/","logo":{"@type":"ImageObject","inLanguage":"es","@id":"https:\/\/needseoservices.com\/es\/#\/schema\/logo\/image\/","url":"https:\/\/needseoservices.com\/wp-content\/uploads\/Site-Icon.png","contentUrl":"https:\/\/needseoservices.com\/wp-content\/uploads\/Site-Icon.png","width":158,"height":157,"caption":"Need SEO Services"},"image":{"@id":"https:\/\/needseoservices.com\/es\/#\/schema\/logo\/image\/"}}]}},"_links":{"self":[{"href":"https:\/\/needseoservices.com\/es\/wp-json\/wp\/v2\/pages\/4318","targetHints":{"allow":["GET"]}}],"collection":[{"href":"https:\/\/needseoservices.com\/es\/wp-json\/wp\/v2\/pages"}],"about":[{"href":"https:\/\/needseoservices.com\/es\/wp-json\/wp\/v2\/types\/page"}],"author":[{"embeddable":true,"href":"https:\/\/needseoservices.com\/es\/wp-json\/wp\/v2\/users\/3"}],"replies":[{"embeddable":true,"href":"https:\/\/needseoservices.com\/es\/wp-json\/wp\/v2\/comments?post=4318"}],"version-history":[{"count":5,"href":"https:\/\/needseoservices.com\/es\/wp-json\/wp\/v2\/pages\/4318\/revisions"}],"predecessor-version":[{"id":7428,"href":"https:\/\/needseoservices.com\/es\/wp-json\/wp\/v2\/pages\/4318\/revisions\/7428"}],"wp:attachment":[{"href":"https:\/\/needseoservices.com\/es\/wp-json\/wp\/v2\/media?parent=4318"}],"curies":[{"name":"wp","href":"https:\/\/api.w.org\/{rel}","templated":true}]}}